{"id":2,"date":"2014-10-27T07:00:43","date_gmt":"2014-10-27T06:00:43","guid":{"rendered":"http:\/\/www.initiative-rathaus-seefeld.org\/?page_id=2"},"modified":"2014-11-03T07:23:09","modified_gmt":"2014-11-03T06:23:09","slug":"auftrag","status":"publish","type":"page","link":"https:\/\/www.initiative-rathaus-seefeld.org\/?page_id=2","title":{"rendered":"Auftrag"},"content":{"rendered":"<p>Die B\u00fcrger haben sich <strong>f\u00fcr die L\u00f6sung \u201aSanierung + moderner Anbau\u2018 entschieden<\/strong>.<\/p>\n<p>Wir bedanken uns bei allen, die sich <strong>am B\u00fcrgerentscheid beteiligt<\/strong> haben. Mit einer <strong>Beteiligung von 47%<\/strong> haben sie dem Entscheid das notwendige Gewicht gegeben.<\/p>\n<p>Wir bedanken uns insbesondere auch bei denjenigen, die sich <strong>f\u00fcr die L\u00f6sung &#8218;Sanierung + moderner Anbau&#8216; entschieden<\/strong> haben. Eine <strong>Zustimmung von 67%<\/strong> ist ein beeindruckendes und nicht weg zu diskutierendes Ergebnis. Diese Entscheidung ist ein <strong>Auftrag<\/strong> an die Gemeinde und an die B\u00fcrger, auf dieser Grundlage eine <strong>vern\u00fcnftige und zukunftsf\u00e4hige L\u00f6sung<\/strong> zu schaffen. Und wir nehmen diesen Auftrag sehr ernst.<\/p>\n<p>Das war nur ein erster Schritt. <strong>Jetzt f\u00e4ngt die Arbeit an<\/strong>. Es wird nicht funktionieren ohne Ihr Engagement.<\/p>\n<p>Das <strong>offizielle Ergebnis des B\u00fcrgerentscheids<\/strong> finden Sie <a href=\"http:\/\/www.seefeld.de\/wp-content\/uploads\/2013\/12\/SKMBT_C55414102809400.pdf\" target=\"_blank\">hier<\/a>.<\/p>\n<p><span style=\"font-family: Calibri,sans-serif; font-size: 20pt;\">Wir wollen <\/span><\/p>\n<p><span style=\"font-family: Calibri,sans-serif; font-size: 24pt;\"><b><span style=\"font-weight: bold;\"><span style=\"font-weight: normal;\">das<\/span> Rathaus erhalten <span style=\"font-weight: normal;\">und <b><span style=\"font-weight: bold;\">mit <\/span><\/b><\/span>einem modernen Anbau erg\u00e4nzen<\/span><\/b> <\/span><\/p>\n<p><strong>Unser Stand:<\/strong><\/p>\n<ul>\n<ul>\n<li>ein <strong>modernes und funktionsgerechtes B\u00fcro- und Verwaltungsgeb\u00e4ude<\/strong> ist auf dem <strong>hinteren Rathausgel\u00e4nde technisch und rechtlich m\u00f6glich<\/strong> (Funktionsaufteilung mit dem \u2018Altbau\u2019; weitgehend vom \u2018Altbau\u2019 unabh\u00e4ngiger Bauk\u00f6rper, Tiefgarage, zweigeschossig)(s. <a title=\"Wie soll die \u2018Anbaul\u00f6sung\u2019 denn ausschauen?\" href=\"https:\/\/www.initiative-rathaus-seefeld.org\/?p=30\" target=\"_blank\">Info<\/a>)<\/li>\n<\/ul>\n<\/ul>\n<ul>\n<ul>\n<li>\u00a0die B\u00fcrger haben sich grunds\u00e4tzlich <strong>f\u00fcr<\/strong> die <strong>Anforderungen an B\u00fcrofl\u00e4che<\/strong> aus dem <strong>Jahre 2006<\/strong> und gegen die im Vorfeld des Neubaus <strong>deutlich gestiegenen Anforderungen<\/strong> aus dem <strong>Jahre 2013<\/strong> (+28% gegen\u00fcber dem Bedarf 2006, +158% gegen\u00fcber dem Ist-Zustand) entschieden<\/li>\n<\/ul>\n<\/ul>\n<ul>\n<ul>\n<li>das <strong>Ausma\u00df<\/strong> der (auch rechtlich) <strong>notwendigen \u00c4nderungen am Altbau<\/strong> kann verl\u00e4sslich erst nach Vorliegen einer Entwurfsplanung gekl\u00e4rt werden (in Abh\u00e4ngigkeit von Nutzung(s\u00e4nderung), Geb\u00e4udeklasse usw.)(s.<a title=\"Sanierung des Rathauses\" href=\"https:\/\/www.initiative-rathaus-seefeld.org\/?p=180\" target=\"_blank\"> Info<\/a>)<\/li>\n<\/ul>\n<\/ul>\n<ul>\n<ul>\n<li>Die <strong>Kostenangaben zur Anbau-Variante<\/strong> sind aktuell sehr <strong>vorl\u00e4ufige Werte bzw. Sch\u00e4tzungen<\/strong>. Aufgrund der nicht festgelegten Gestaltung des Bauk\u00f6rpers m\u00fcssen sie auch in einer gro\u00dfen Bandbreite streuen. Sie liegen aber allein schon aufgrund des geringeren Bauvolumens <strong>deutlich unter den Kosten des Neubaus<\/strong> (s. <a title=\"Kostensch\u00e4tzung Neubau auf dem Rathausgel\u00e4nde + Nutzung des bestehenden Rathauses\" href=\"https:\/\/www.initiative-rathaus-seefeld.org\/?p=121\" target=\"_blank\">Info<\/a>)<\/li>\n<\/ul>\n<\/ul>\n<ul>\n<ul>\n<li>die <strong>Erweiterung des Tengelmann-Markts<\/strong> auf den Grundst\u00fccksfl\u00e4chen des Alleineigent\u00fcmers ist <strong>m\u00f6glich <\/strong>(s. <a title=\"Leistungsf\u00e4higer Lebensmittelmarkt im Zentrum\" href=\"https:\/\/www.initiative-rathaus-seefeld.org\/?p=45\" target=\"_blank\">Info<\/a>)<br \/>\n<strong><br \/>\n<\/strong><\/li>\n<li>&#8218;<strong>Zu gro\u00df, zu teuer, zu h\u00e4sslich<\/strong>&#8218;, so eine verbreitete Aussage \u00fcber den <strong>Neubau des Rathauses<\/strong> am Krankenhaus. Geschmacksfragen kann man nicht eindeutig beantworten. Besser sieht es bei Dimensionierung und Kosten aus (s. <a title=\"Stark gestiegener Fl\u00e4chenbedarf der Gemeindeverwaltung\" href=\"https:\/\/www.initiative-rathaus-seefeld.org\/?p=32\">Info Fl\u00e4chenbedarf<\/a>, <a title=\"Kostensch\u00e4tzung Neubau beim Krankenhaus + Erhalt der \u2018historischen\u2019 Rathausvilla\" href=\"https:\/\/www.initiative-rathaus-seefeld.org\/?p=43\">Info Kosten Neubau<\/a>)<\/li>\n<\/ul>\n<\/ul>\n<p><strong>\u00dcbrigens<\/strong>: Wir finden es sehr positiv und anerkennenswert, dass B\u00fcrgermeister und Gemeinderat nach deutlichem Anstieg der Kosten f\u00fcr den Neubau am Krankenhaus nicht einfach weitergemacht haben (\u2018Augen zu und durch, Geld ist da\u2019), sondern in Wahrnehmung ihrer Verantwortung sich nach Alternativen umgesehen haben. Das war f\u00fcr uns auch der Anlass, wieder die \u2018Anbaul\u00f6sung\u2019 (wesentlich als Gegenentwurf zur Variante \u2018Technologiepark\u2019) in den Entscheidungsprozess einzubringen und den Gemeinderat damit zu unterst\u00fctzen.<\/p>\n","protected":false},"excerpt":{"rendered":"<p>Die B\u00fcrger haben sich f\u00fcr die L\u00f6sung \u201aSanierung + moderner Anbau\u2018 entschieden. Wir bedanken uns bei allen, die sich am B\u00fcrgerentscheid beteiligt haben. Mit einer Beteiligung von 47% haben sie dem Entscheid das notwendige Gewicht gegeben. Wir bedanken uns insbesondere auch bei denjenigen, die sich f\u00fcr die L\u00f6sung &#8218;Sanierung + moderner Anbau&#8216; entschieden haben. Eine &hellip; <a href=\"https:\/\/www.initiative-rathaus-seefeld.org\/?page_id=2\" class=\"more-link\"><span class=\"screen-reader-text\">Auftrag<\/span> weiterlesen <span class=\"meta-nav\">&rarr;<\/span><\/a><\/p>\n","protected":false},"author":1,"featured_media":0,"parent":0,"menu_order":2,"comment_status":"closed","ping_status":"closed","template":"","meta":{"footnotes":""},"class_list":["post-2","page","type-page","status-publish","hentry"],"_links":{"self":[{"href":"https:\/\/www.initiative-rathaus-seefeld.org\/index.php?rest_route=\/wp\/v2\/pages\/2","targetHints":{"allow":["GET"]}}],"collection":[{"href":"https:\/\/www.initiative-rathaus-seefeld.org\/index.php?rest_route=\/wp\/v2\/pages"}],"about":[{"href":"https:\/\/www.initiative-rathaus-seefeld.org\/index.php?rest_route=\/wp\/v2\/types\/page"}],"author":[{"embeddable":true,"href":"https:\/\/www.initiative-rathaus-seefeld.org\/index.php?rest_route=\/wp\/v2\/users\/1"}],"replies":[{"embeddable":true,"href":"https:\/\/www.initiative-rathaus-seefeld.org\/index.php?rest_route=%2Fwp%2Fv2%2Fcomments&post=2"}],"version-history":[{"count":21,"href":"https:\/\/www.initiative-rathaus-seefeld.org\/index.php?rest_route=\/wp\/v2\/pages\/2\/revisions"}],"predecessor-version":[{"id":493,"href":"https:\/\/www.initiative-rathaus-seefeld.org\/index.php?rest_route=\/wp\/v2\/pages\/2\/revisions\/493"}],"wp:attachment":[{"href":"https:\/\/www.initiative-rathaus-seefeld.org\/index.php?rest_route=%2Fwp%2Fv2%2Fmedia&parent=2"}],"curies":[{"name":"wp","href":"https:\/\/api.w.org\/{rel}","templated":true}]}}