{"id":13,"date":"2014-08-15T16:46:38","date_gmt":"2014-08-15T14:46:38","guid":{"rendered":"http:\/\/www.initiative-rathaus-seefeld.org\/?page_id=13"},"modified":"2014-10-30T14:41:27","modified_gmt":"2014-10-30T13:41:27","slug":"kontakt","status":"publish","type":"page","link":"https:\/\/www.initiative-rathaus-seefeld.org\/?page_id=13","title":{"rendered":"Kontakt"},"content":{"rendered":"<div id=\"Text67LYR\" class=\"TextObject\">\n<h2><span style=\"font-family: Calibri,sans-serif;\">Wer sind wir?<\/span><\/h2>\n<p><span style=\"font-family: Arial,Helvetica,Geneva,Sans-serif;\">Wir sind B\u00fcrgerinnen und B\u00fcrger von Seefeld, die sich zum Thema \u2018Rathaus\u2019 zusammengefunden haben, um gemeinsam mit anderen B\u00fcrgerinnen und B\u00fcrgern und der Gemeinde eine bessere L\u00f6sung zu erreichen als die aktuell vorrangig betriebene. Wir kommen aus verschiedenen Ortsteilen und haben einen ganz unterschiedlichen beruflichen Hintergrund. <\/span><\/p>\n<p>&nbsp;<\/p>\n<p><span style=\"font-family: Arial,Helvetica,Geneva,Sans-serif;\">Die <b><span style=\"font-weight: bold;\">Vertreter des B\u00fcrgerbegehrens<\/span><\/b> sind:<\/span><\/p>\n<p><span style=\"font-family: Arial,Helvetica,Geneva,Sans-serif;\">Dr. Sebastian Schmidinger<\/span><\/p>\n<p style=\"margin-bottom: 0px;\"><span style=\"font-family: Arial,Helvetica,Geneva,Sans-serif;\">Dr. Josef Hofmann<\/span><\/p>\n<h2><span style=\"font-family: Calibri,sans-serif;\">Kontakt<\/span><\/h2>\n<p>&nbsp;<\/p>\n<p><span style=\"font-family: Arial,Helvetica,Geneva,Sans-serif;\">Bitte schreiben Sie uns Ihre Meinung oder Anregungen oder auch, wenn Sie bei uns mitmachen wollen:<\/span><\/p>\n<p><a id=\"Text70Link1\" href=\"mailto:antwort@initiative-rathaus-seefeld.org\"><span style=\"font-family: Arial,Helvetica,Geneva,Sans-serif;\">antwort@initiative-rathaus-seefeld.org<\/span><\/a><\/p>\n<\/div>\n","protected":false},"excerpt":{"rendered":"<p>Wer sind wir? Wir sind B\u00fcrgerinnen und B\u00fcrger von Seefeld, die sich zum Thema \u2018Rathaus\u2019 zusammengefunden haben, um gemeinsam mit anderen B\u00fcrgerinnen und B\u00fcrgern und der Gemeinde eine bessere L\u00f6sung zu erreichen als die aktuell vorrangig betriebene. Wir kommen aus verschiedenen Ortsteilen und haben einen ganz unterschiedlichen beruflichen Hintergrund. &nbsp; Die Vertreter des B\u00fcrgerbegehrens sind: &hellip; <a href=\"https:\/\/www.initiative-rathaus-seefeld.org\/?page_id=13\" class=\"more-link\"><span class=\"screen-reader-text\">Kontakt<\/span> weiterlesen <span class=\"meta-nav\">&rarr;<\/span><\/a><\/p>\n","protected":false},"author":1,"featured_media":0,"parent":0,"menu_order":4,"comment_status":"closed","ping_status":"closed","template":"","meta":{"footnotes":""},"class_list":["post-13","page","type-page","status-publish","hentry"],"_links":{"self":[{"href":"https:\/\/www.initiative-rathaus-seefeld.org\/index.php?rest_route=\/wp\/v2\/pages\/13","targetHints":{"allow":["GET"]}}],"collection":[{"href":"https:\/\/www.initiative-rathaus-seefeld.org\/index.php?rest_route=\/wp\/v2\/pages"}],"about":[{"href":"https:\/\/www.initiative-rathaus-seefeld.org\/index.php?rest_route=\/wp\/v2\/types\/page"}],"author":[{"embeddable":true,"href":"https:\/\/www.initiative-rathaus-seefeld.org\/index.php?rest_route=\/wp\/v2\/users\/1"}],"replies":[{"embeddable":true,"href":"https:\/\/www.initiative-rathaus-seefeld.org\/index.php?rest_route=%2Fwp%2Fv2%2Fcomments&post=13"}],"version-history":[{"count":3,"href":"https:\/\/www.initiative-rathaus-seefeld.org\/index.php?rest_route=\/wp\/v2\/pages\/13\/revisions"}],"predecessor-version":[{"id":511,"href":"https:\/\/www.initiative-rathaus-seefeld.org\/index.php?rest_route=\/wp\/v2\/pages\/13\/revisions\/511"}],"wp:attachment":[{"href":"https:\/\/www.initiative-rathaus-seefeld.org\/index.php?rest_route=%2Fwp%2Fv2%2Fmedia&parent=13"}],"curies":[{"name":"wp","href":"https:\/\/api.w.org\/{rel}","templated":true}]}}